{"id":253,"date":"2020-03-23T10:42:25","date_gmt":"2020-03-23T10:42:25","guid":{"rendered":"http:\/\/bienenzuechterverein-altenburg1853.de\/?page_id=253"},"modified":"2020-03-23T10:52:48","modified_gmt":"2020-03-23T10:52:48","slug":"impressum","status":"publish","type":"page","link":"https:\/\/bienenzuechterverein-altenburg1853.de\/?page_id=253","title":{"rendered":"Impressum"},"content":{"rendered":"<p><span style=\"color: #003366;\">Angaben gem\u00e4\u00df \u00a7 5 TMG:<\/span><\/p>\n<p><span style=\"color: #003366;\"><b> Verein: <\/b><\/span><br \/>\n<span style=\"color: #003366;\">Bienenz\u00fcchterverein Altenburg 1853<\/span><\/p>\n<p><span style=\"color: #003366;\"><b> Vertreten durch: <\/b><\/span><br \/>\n<span style=\"color: #003366;\">Vertreten durch den Vorstand<\/span><\/p>\n<p><span style=\"color: #003366;\"><b> Kontakt: <\/b><\/span><\/p>\n<table border=\"0\">\n<tbody>\n<tr>\n<td><span style=\"color: #003366;\">Vorsitzender:<\/span><\/td>\n<td><span style=\"color: #003366;\">kippingmockzig(at)t-online.de<\/span><\/td>\n<\/tr>\n<tr>\n<td><span style=\"color: #003366;\">Webmaster:<\/span><\/td>\n<td><span style=\"color: #003366;\">info(at)Bienenzuechterverein-Altenburg1853.de<\/span><\/td>\n<\/tr>\n<\/tbody>\n<\/table>\n","protected":false},"excerpt":{"rendered":"<p>Angaben gem\u00e4\u00df \u00a7 5 TMG: Verein: Bienenz\u00fcchterverein Altenburg 1853 Vertreten durch: Vertreten durch den Vorstand Kontakt: Vorsitzender: kippingmockzig(at)t-online.de Webmaster: info(at)Bienenzuechterverein-Altenburg1853.de<\/p>\n","protected":false},"author":1,"featured_media":0,"parent":0,"menu_order":0,"comment_status":"closed","ping_status":"closed","template":"","meta":{"footnotes":""},"class_list":["post-253","page","type-page","status-publish","hentry"],"yoast_head":"<!-- This site is optimized with the Yoast SEO plugin v25.4 - https:\/\/yoast.com\/wordpress\/plugins\/seo\/ -->\n<title>Impressum - Bienenz\u00fcchterverein Altenburg 1853<\/title>\n<meta name=\"robots\" content=\"index, follow, max-snippet:-1, max-image-preview:large, max-video-preview:-1\" \/>\n<link rel=\"canonical\" href=\"https:\/\/bienenzuechterverein-altenburg1853.de\/?page_id=253\" \/>\n<meta property=\"og:locale\" content=\"de_DE\" \/>\n<meta property=\"og:type\" content=\"article\" \/>\n<meta property=\"og:title\" content=\"Impressum - Bienenz\u00fcchterverein Altenburg 1853\" \/>\n<meta property=\"og:description\" content=\"Angaben gem\u00e4\u00df \u00a7 5 TMG: Verein: Bienenz\u00fcchterverein Altenburg 1853 Vertreten durch: Vertreten durch den Vorstand Kontakt: Vorsitzender: kippingmockzig(at)t-online.de Webmaster: info(at)Bienenzuechterverein-Altenburg1853.de\" \/>\n<meta property=\"og:url\" content=\"https:\/\/bienenzuechterverein-altenburg1853.de\/?page_id=253\" \/>\n<meta property=\"og:site_name\" content=\"Bienenz\u00fcchterverein Altenburg 1853\" \/>\n<meta property=\"article:modified_time\" content=\"2020-03-23T10:52:48+00:00\" \/>\n<meta name=\"twitter:card\" content=\"summary_large_image\" \/>\n<script type=\"application\/ld+json\" class=\"yoast-schema-graph\">{\"@context\":\"https:\/\/schema.org\",\"@graph\":[{\"@type\":\"WebPage\",\"@id\":\"https:\/\/bienenzuechterverein-altenburg1853.de\/?page_id=253\",\"url\":\"https:\/\/bienenzuechterverein-altenburg1853.de\/?page_id=253\",\"name\":\"Impressum - Bienenz\u00fcchterverein Altenburg 1853\",\"isPartOf\":{\"@id\":\"https:\/\/bienenzuechterverein-altenburg1853.de\/#website\"},\"datePublished\":\"2020-03-23T10:42:25+00:00\",\"dateModified\":\"2020-03-23T10:52:48+00:00\",\"breadcrumb\":{\"@id\":\"https:\/\/bienenzuechterverein-altenburg1853.de\/?page_id=253#breadcrumb\"},\"inLanguage\":\"de\",\"potentialAction\":[{\"@type\":\"ReadAction\",\"target\":[\"https:\/\/bienenzuechterverein-altenburg1853.de\/?page_id=253\"]}]},{\"@type\":\"BreadcrumbList\",\"@id\":\"https:\/\/bienenzuechterverein-altenburg1853.de\/?page_id=253#breadcrumb\",\"itemListElement\":[{\"@type\":\"ListItem\",\"position\":1,\"name\":\"Startseite\",\"item\":\"https:\/\/bienenzuechterverein-altenburg1853.de\/\"},{\"@type\":\"ListItem\",\"position\":2,\"name\":\"Impressum\"}]},{\"@type\":\"WebSite\",\"@id\":\"https:\/\/bienenzuechterverein-altenburg1853.de\/#website\",\"url\":\"https:\/\/bienenzuechterverein-altenburg1853.de\/\",\"name\":\"Bienenz\u00fcchterverein Altenburg 1853\",\"description\":\"\",\"potentialAction\":[{\"@type\":\"SearchAction\",\"target\":{\"@type\":\"EntryPoint\",\"urlTemplate\":\"https:\/\/bienenzuechterverein-altenburg1853.de\/?s={search_term_string}\"},\"query-input\":{\"@type\":\"PropertyValueSpecification\",\"valueRequired\":true,\"valueName\":\"search_term_string\"}}],\"inLanguage\":\"de\"}]}<\/script>\n<!-- \/ Yoast SEO plugin. -->","yoast_head_json":{"title":"Impressum - Bienenz\u00fcchterverein Altenburg 1853","robots":{"index":"index","follow":"follow","max-snippet":"max-snippet:-1","max-image-preview":"max-image-preview:large","max-video-preview":"max-video-preview:-1"},"canonical":"https:\/\/bienenzuechterverein-altenburg1853.de\/?page_id=253","og_locale":"de_DE","og_type":"article","og_title":"Impressum - Bienenz\u00fcchterverein Altenburg 1853","og_description":"Angaben gem\u00e4\u00df \u00a7 5 TMG: Verein: Bienenz\u00fcchterverein Altenburg 1853 Vertreten durch: Vertreten durch den Vorstand Kontakt: Vorsitzender: kippingmockzig(at)t-online.de Webmaster: info(at)Bienenzuechterverein-Altenburg1853.de","og_url":"https:\/\/bienenzuechterverein-altenburg1853.de\/?page_id=253","og_site_name":"Bienenz\u00fcchterverein Altenburg 1853","article_modified_time":"2020-03-23T10:52:48+00:00","twitter_card":"summary_large_image","schema":{"@context":"https:\/\/schema.org","@graph":[{"@type":"WebPage","@id":"https:\/\/bienenzuechterverein-altenburg1853.de\/?page_id=253","url":"https:\/\/bienenzuechterverein-altenburg1853.de\/?page_id=253","name":"Impressum - Bienenz\u00fcchterverein Altenburg 1853","isPartOf":{"@id":"https:\/\/bienenzuechterverein-altenburg1853.de\/#website"},"datePublished":"2020-03-23T10:42:25+00:00","dateModified":"2020-03-23T10:52:48+00:00","breadcrumb":{"@id":"https:\/\/bienenzuechterverein-altenburg1853.de\/?page_id=253#breadcrumb"},"inLanguage":"de","potentialAction":[{"@type":"ReadAction","target":["https:\/\/bienenzuechterverein-altenburg1853.de\/?page_id=253"]}]},{"@type":"BreadcrumbList","@id":"https:\/\/bienenzuechterverein-altenburg1853.de\/?page_id=253#breadcrumb","itemListElement":[{"@type":"ListItem","position":1,"name":"Startseite","item":"https:\/\/bienenzuechterverein-altenburg1853.de\/"},{"@type":"ListItem","position":2,"name":"Impressum"}]},{"@type":"WebSite","@id":"https:\/\/bienenzuechterverein-altenburg1853.de\/#website","url":"https:\/\/bienenzuechterverein-altenburg1853.de\/","name":"Bienenz\u00fcchterverein Altenburg 1853","description":"","potentialAction":[{"@type":"SearchAction","target":{"@type":"EntryPoint","urlTemplate":"https:\/\/bienenzuechterverein-altenburg1853.de\/?s={search_term_string}"},"query-input":{"@type":"PropertyValueSpecification","valueRequired":true,"valueName":"search_term_string"}}],"inLanguage":"de"}]}},"_links":{"self":[{"href":"https:\/\/bienenzuechterverein-altenburg1853.de\/index.php?rest_route=\/wp\/v2\/pages\/253","targetHints":{"allow":["GET"]}}],"collection":[{"href":"https:\/\/bienenzuechterverein-altenburg1853.de\/index.php?rest_route=\/wp\/v2\/pages"}],"about":[{"href":"https:\/\/bienenzuechterverein-altenburg1853.de\/index.php?rest_route=\/wp\/v2\/types\/page"}],"author":[{"embeddable":true,"href":"https:\/\/bienenzuechterverein-altenburg1853.de\/index.php?rest_route=\/wp\/v2\/users\/1"}],"replies":[{"embeddable":true,"href":"https:\/\/bienenzuechterverein-altenburg1853.de\/index.php?rest_route=%2Fwp%2Fv2%2Fcomments&post=253"}],"version-history":[{"count":6,"href":"https:\/\/bienenzuechterverein-altenburg1853.de\/index.php?rest_route=\/wp\/v2\/pages\/253\/revisions"}],"predecessor-version":[{"id":259,"href":"https:\/\/bienenzuechterverein-altenburg1853.de\/index.php?rest_route=\/wp\/v2\/pages\/253\/revisions\/259"}],"wp:attachment":[{"href":"https:\/\/bienenzuechterverein-altenburg1853.de\/index.php?rest_route=%2Fwp%2Fv2%2Fmedia&parent=253"}],"curies":[{"name":"wp","href":"https:\/\/api.w.org\/{rel}","templated":true}]}}