{"id":448,"date":"2020-09-27T13:36:41","date_gmt":"2020-09-27T13:36:41","guid":{"rendered":"https:\/\/bienenzuechterverein-altenburg1853.de\/?page_id=448"},"modified":"2023-11-03T20:47:44","modified_gmt":"2023-11-03T20:47:44","slug":"presseberichte","status":"publish","type":"page","link":"https:\/\/bienenzuechterverein-altenburg1853.de\/?page_id=448","title":{"rendered":"Presseberichte"},"content":{"rendered":"<p><a href=\"https:\/\/bienenzuechterverein-altenburg1853.de\/wp-content\/uploads\/2020\/09\/OSO-22082020-J\u00f6rg-Kipping.pdf\">&#8222;NAH DRAN&#8220;\u00a0 mit J\u00f6rg Kipping<\/a><\/p>\n<h4><a href=\"https:\/\/bienenzuechterverein-altenburg1853.de\/wp-content\/uploads\/2020\/09\/OSO-18052014-Anja-Ratai-Artikel.pdf\">&#8222;SONNTAGSFR\u00dcHST\u00dcCK&#8220; mit Anja Ratai<\/a><\/h4>\n<h4><a href=\"https:\/\/bienenzuechterverein-altenburg1853.de\/?attachment_id=474\"><span style=\"color: #3366ff;\">PFLANZAKTION in Mockzig<\/span><\/a><\/h4>\n<h4><a href=\"https:\/\/bienenzuechterverein-altenburg1853.de\/wp-content\/uploads\/2020\/11\/Christine-1.pdf\">&#8222;SONNTAGSFR\u00dcHST\u00dcCK&#8220; mit Christine Schindler-Hertzsch<\/a><\/h4>\n<h4><a href=\"https:\/\/bienenzuechterverein-altenburg1853.de\/wp-content\/uploads\/2021\/04\/JOeRG_OVZ_09.04.2021.pdf\"><span style=\"color: #33cccc;\"><span style=\"color: #00ccff;\"><span style=\"color: #0000ff;\">&#8222;WINTREINBRUCH ZU OSTERN: Imker und Obstbauern in Sorge&#8220;, OVZ\u00a0 9.4.21<\/span><\/span><\/span><\/a><\/h4>\n<h4><a href=\"https:\/\/bienenzuechterverein-altenburg1853.de\/wp-content\/uploads\/2021\/06\/MV-Videokonferenz.jpg\"><span style=\"color: #3366ff;\">STAMMTISCH ALS VIDEOKONFERENZ, Pressemitteilung OVZ und ABG-NET<\/span><\/a><\/h4>\n<h4><a href=\"https:\/\/bienenzuechterverein-altenburg1853.de\/wp-content\/uploads\/2021\/10\/Stockwaage-SLN-scaled.jpg\">\u00dcBERGABE DIGITALE STOCKWAAGE AN IMKER-AG SCHM\u00d6LLN, OVZ 23.10.21<\/a><br \/>\nDie AG Imker am Gymnasium Schm\u00f6lln ist Mitglied in unserem Imkerverein<\/h4>\n<h4><a href=\"https:\/\/bienenzuechterverein-altenburg1853.de\/?attachment_id=718\">AG BIENEN an der REGELSCHULE DOBITSCHEN in Aktion, OTZ, 12.07.2022<\/a><br \/>\nDie AG Bienen an der RS Dobitschen ist Mitglied in unserem Imkerverein<\/h4>\n<p><a href=\"https:\/\/bienenzuechterverein-altenburg1853.de\/wp-content\/uploads\/2023\/11\/Standbegehung-2023-scaled.jpg\">Standbegehung 2023, 170 Jahre BZV Altenburg 1853, Kurier 02.09.2023<\/a><\/p>\n<h4><a href=\"https:\/\/bienenzuechterverein-altenburg1853.de\/wp-content\/uploads\/2023\/11\/OVZ-2.11.23-Joerg-scaled.jpg\">IMKERN IST AUCH IM ALTENB. LAND EIN BELIEBTES HOBBY\u00a0 OVZ 02.11.2023<\/a><\/h4>\n","protected":false},"excerpt":{"rendered":"<p>&#8222;NAH DRAN&#8220;\u00a0 mit J\u00f6rg Kipping &#8222;SONNTAGSFR\u00dcHST\u00dcCK&#8220; mit Anja Ratai PFLANZAKTION in Mockzig &#8222;SONNTAGSFR\u00dcHST\u00dcCK&#8220; mit Christine Schindler-Hertzsch &#8222;WINTREINBRUCH ZU OSTERN: Imker und Obstbauern in Sorge&#8220;, OVZ\u00a0 9.4.21 STAMMTISCH ALS VIDEOKONFERENZ, Pressemitteilung OVZ und ABG-NET \u00dcBERGABE DIGITALE STOCKWAAGE AN IMKER-AG SCHM\u00d6LLN, OVZ &hellip; <a href=\"https:\/\/bienenzuechterverein-altenburg1853.de\/?page_id=448\">Weiterlesen <span class=\"meta-nav\">&rarr;<\/span><\/a><\/p>\n","protected":false},"author":1,"featured_media":0,"parent":0,"menu_order":0,"comment_status":"closed","ping_status":"closed","template":"","meta":{"footnotes":""},"class_list":["post-448","page","type-page","status-publish","hentry"],"yoast_head":"<!-- This site is optimized with the Yoast SEO plugin v25.4 - https:\/\/yoast.com\/wordpress\/plugins\/seo\/ -->\n<title>Presseberichte - Bienenz\u00fcchterverein Altenburg 1853<\/title>\n<meta name=\"robots\" content=\"index, follow, max-snippet:-1, max-image-preview:large, max-video-preview:-1\" \/>\n<link rel=\"canonical\" href=\"https:\/\/bienenzuechterverein-altenburg1853.de\/?page_id=448\" \/>\n<meta property=\"og:locale\" content=\"de_DE\" \/>\n<meta property=\"og:type\" content=\"article\" \/>\n<meta property=\"og:title\" content=\"Presseberichte - Bienenz\u00fcchterverein Altenburg 1853\" \/>\n<meta property=\"og:description\" content=\"&#8222;NAH DRAN&#8220;\u00a0 mit J\u00f6rg Kipping &#8222;SONNTAGSFR\u00dcHST\u00dcCK&#8220; mit Anja Ratai PFLANZAKTION in Mockzig &#8222;SONNTAGSFR\u00dcHST\u00dcCK&#8220; mit Christine Schindler-Hertzsch &#8222;WINTREINBRUCH ZU OSTERN: Imker und Obstbauern in Sorge&#8220;, OVZ\u00a0 9.4.21 STAMMTISCH ALS VIDEOKONFERENZ, Pressemitteilung OVZ und ABG-NET \u00dcBERGABE DIGITALE STOCKWAAGE AN IMKER-AG SCHM\u00d6LLN, OVZ &hellip; Weiterlesen &rarr;\" \/>\n<meta property=\"og:url\" content=\"https:\/\/bienenzuechterverein-altenburg1853.de\/?page_id=448\" \/>\n<meta property=\"og:site_name\" content=\"Bienenz\u00fcchterverein Altenburg 1853\" \/>\n<meta property=\"article:modified_time\" content=\"2023-11-03T20:47:44+00:00\" \/>\n<meta name=\"twitter:card\" content=\"summary_large_image\" \/>\n<meta name=\"twitter:label1\" content=\"Gesch\u00e4tzte Lesezeit\" \/>\n\t<meta name=\"twitter:data1\" content=\"1\u00a0Minute\" \/>\n<script type=\"application\/ld+json\" class=\"yoast-schema-graph\">{\"@context\":\"https:\/\/schema.org\",\"@graph\":[{\"@type\":\"WebPage\",\"@id\":\"https:\/\/bienenzuechterverein-altenburg1853.de\/?page_id=448\",\"url\":\"https:\/\/bienenzuechterverein-altenburg1853.de\/?page_id=448\",\"name\":\"Presseberichte - Bienenz\u00fcchterverein Altenburg 1853\",\"isPartOf\":{\"@id\":\"https:\/\/bienenzuechterverein-altenburg1853.de\/#website\"},\"datePublished\":\"2020-09-27T13:36:41+00:00\",\"dateModified\":\"2023-11-03T20:47:44+00:00\",\"breadcrumb\":{\"@id\":\"https:\/\/bienenzuechterverein-altenburg1853.de\/?page_id=448#breadcrumb\"},\"inLanguage\":\"de\",\"potentialAction\":[{\"@type\":\"ReadAction\",\"target\":[\"https:\/\/bienenzuechterverein-altenburg1853.de\/?page_id=448\"]}]},{\"@type\":\"BreadcrumbList\",\"@id\":\"https:\/\/bienenzuechterverein-altenburg1853.de\/?page_id=448#breadcrumb\",\"itemListElement\":[{\"@type\":\"ListItem\",\"position\":1,\"name\":\"Startseite\",\"item\":\"https:\/\/bienenzuechterverein-altenburg1853.de\/\"},{\"@type\":\"ListItem\",\"position\":2,\"name\":\"Presseberichte\"}]},{\"@type\":\"WebSite\",\"@id\":\"https:\/\/bienenzuechterverein-altenburg1853.de\/#website\",\"url\":\"https:\/\/bienenzuechterverein-altenburg1853.de\/\",\"name\":\"Bienenz\u00fcchterverein Altenburg 1853\",\"description\":\"\",\"potentialAction\":[{\"@type\":\"SearchAction\",\"target\":{\"@type\":\"EntryPoint\",\"urlTemplate\":\"https:\/\/bienenzuechterverein-altenburg1853.de\/?s={search_term_string}\"},\"query-input\":{\"@type\":\"PropertyValueSpecification\",\"valueRequired\":true,\"valueName\":\"search_term_string\"}}],\"inLanguage\":\"de\"}]}<\/script>\n<!-- \/ Yoast SEO plugin. -->","yoast_head_json":{"title":"Presseberichte - Bienenz\u00fcchterverein Altenburg 1853","robots":{"index":"index","follow":"follow","max-snippet":"max-snippet:-1","max-image-preview":"max-image-preview:large","max-video-preview":"max-video-preview:-1"},"canonical":"https:\/\/bienenzuechterverein-altenburg1853.de\/?page_id=448","og_locale":"de_DE","og_type":"article","og_title":"Presseberichte - Bienenz\u00fcchterverein Altenburg 1853","og_description":"&#8222;NAH DRAN&#8220;\u00a0 mit J\u00f6rg Kipping &#8222;SONNTAGSFR\u00dcHST\u00dcCK&#8220; mit Anja Ratai PFLANZAKTION in Mockzig &#8222;SONNTAGSFR\u00dcHST\u00dcCK&#8220; mit Christine Schindler-Hertzsch &#8222;WINTREINBRUCH ZU OSTERN: Imker und Obstbauern in Sorge&#8220;, OVZ\u00a0 9.4.21 STAMMTISCH ALS VIDEOKONFERENZ, Pressemitteilung OVZ und ABG-NET \u00dcBERGABE DIGITALE STOCKWAAGE AN IMKER-AG SCHM\u00d6LLN, OVZ &hellip; Weiterlesen &rarr;","og_url":"https:\/\/bienenzuechterverein-altenburg1853.de\/?page_id=448","og_site_name":"Bienenz\u00fcchterverein Altenburg 1853","article_modified_time":"2023-11-03T20:47:44+00:00","twitter_card":"summary_large_image","twitter_misc":{"Gesch\u00e4tzte Lesezeit":"1\u00a0Minute"},"schema":{"@context":"https:\/\/schema.org","@graph":[{"@type":"WebPage","@id":"https:\/\/bienenzuechterverein-altenburg1853.de\/?page_id=448","url":"https:\/\/bienenzuechterverein-altenburg1853.de\/?page_id=448","name":"Presseberichte - Bienenz\u00fcchterverein Altenburg 1853","isPartOf":{"@id":"https:\/\/bienenzuechterverein-altenburg1853.de\/#website"},"datePublished":"2020-09-27T13:36:41+00:00","dateModified":"2023-11-03T20:47:44+00:00","breadcrumb":{"@id":"https:\/\/bienenzuechterverein-altenburg1853.de\/?page_id=448#breadcrumb"},"inLanguage":"de","potentialAction":[{"@type":"ReadAction","target":["https:\/\/bienenzuechterverein-altenburg1853.de\/?page_id=448"]}]},{"@type":"BreadcrumbList","@id":"https:\/\/bienenzuechterverein-altenburg1853.de\/?page_id=448#breadcrumb","itemListElement":[{"@type":"ListItem","position":1,"name":"Startseite","item":"https:\/\/bienenzuechterverein-altenburg1853.de\/"},{"@type":"ListItem","position":2,"name":"Presseberichte"}]},{"@type":"WebSite","@id":"https:\/\/bienenzuechterverein-altenburg1853.de\/#website","url":"https:\/\/bienenzuechterverein-altenburg1853.de\/","name":"Bienenz\u00fcchterverein Altenburg 1853","description":"","potentialAction":[{"@type":"SearchAction","target":{"@type":"EntryPoint","urlTemplate":"https:\/\/bienenzuechterverein-altenburg1853.de\/?s={search_term_string}"},"query-input":{"@type":"PropertyValueSpecification","valueRequired":true,"valueName":"search_term_string"}}],"inLanguage":"de"}]}},"_links":{"self":[{"href":"https:\/\/bienenzuechterverein-altenburg1853.de\/index.php?rest_route=\/wp\/v2\/pages\/448","targetHints":{"allow":["GET"]}}],"collection":[{"href":"https:\/\/bienenzuechterverein-altenburg1853.de\/index.php?rest_route=\/wp\/v2\/pages"}],"about":[{"href":"https:\/\/bienenzuechterverein-altenburg1853.de\/index.php?rest_route=\/wp\/v2\/types\/page"}],"author":[{"embeddable":true,"href":"https:\/\/bienenzuechterverein-altenburg1853.de\/index.php?rest_route=\/wp\/v2\/users\/1"}],"replies":[{"embeddable":true,"href":"https:\/\/bienenzuechterverein-altenburg1853.de\/index.php?rest_route=%2Fwp%2Fv2%2Fcomments&post=448"}],"version-history":[{"count":25,"href":"https:\/\/bienenzuechterverein-altenburg1853.de\/index.php?rest_route=\/wp\/v2\/pages\/448\/revisions"}],"predecessor-version":[{"id":819,"href":"https:\/\/bienenzuechterverein-altenburg1853.de\/index.php?rest_route=\/wp\/v2\/pages\/448\/revisions\/819"}],"wp:attachment":[{"href":"https:\/\/bienenzuechterverein-altenburg1853.de\/index.php?rest_route=%2Fwp%2Fv2%2Fmedia&parent=448"}],"curies":[{"name":"wp","href":"https:\/\/api.w.org\/{rel}","templated":true}]}}