{"id":56,"date":"2020-02-27T15:14:55","date_gmt":"2020-02-27T15:14:55","guid":{"rendered":"http:\/\/bienenzuechterverein-altenburg1853.de\/?page_id=56"},"modified":"2026-04-27T13:11:31","modified_gmt":"2026-04-27T13:11:31","slug":"aktuelles","status":"publish","type":"page","link":"https:\/\/bienenzuechterverein-altenburg1853.de\/?page_id=56","title":{"rendered":"Termine"},"content":{"rendered":"\r\n<p><!--StartFragment--><\/p>\r\n\r\n<h4><span style=\"color: #003366;\">Liebe Imkerfreundinnen, liebe Imkerfreunde,<\/span><\/h4>\r\n<h4><span style=\"color: #003366;\">hiermit m\u00f6chten wir euch<br \/>zu unseren Stammtischen f\u00fcr das Jahr 2026 herzlich einladen.<br \/><br \/><\/span><span style=\"color: #003366;\"><span style=\"color: #003366;\">Sie finden in der Gastst\u00e4tte \u201ePoschwitzer H\u00f6he\u201c<\/span><br \/><span style=\"color: #003366;\">in der gleichnamigen Gartenanlage in Altenburg<\/span><br \/><span style=\"color: #003366;\">zu folgenden Terminen jeweils 19 Uhr statt:<\/span><br \/><b><i><\/i><\/b><\/span><\/h4>\r\n<h6><b><i>Donnerstag, den 19.03.2026\u00a0\u00a0<\/i><\/b><\/h6>\r\n<h6><b><i>Donnerstag, den 23.04.2026\u00a0 \u00a0<\/i><\/b><\/h6>\r\n<h6><b><i>Donnerstag, den 21.05.2026<br \/><\/i><\/b><\/h6>\r\n<h6><b><i>Donnerstag, den 24.09.2026<\/i><\/b><\/h6>\r\n<h6><b><i>Donnerstag, den 22.10.2026<\/i><\/b><\/h6>\r\n<h6><b><i>Donnerstag, den 26.11.2026<\/i><\/b><\/h6>\r\n<h4><span style=\"color: #003366;\">An der Imkerei Interessierte sind als G\u00e4ste jederzeit <\/span><span style=\"color: #003366;\">gern willkommen.<br \/><\/span><\/h4>\r\n<h4>Die diesj\u00e4hrige Standbegehung 2026 findet am <strong>Sonntag, dem 16. August, 10 Uhr<\/strong> statt.<br \/>Wir trafen uns am Bienenstand von <br \/><strong>Imkerfreundin Susanne Borowanski in Ehrenhain.<\/strong><br \/>Der genaue Treffpunkt wird unseren Vereinsmitgliedern rechtzeitig vor diesem Termin per E-Mail mitgeteilt.<\/h4>\r\n<p><span style=\"color: #003366;\">Der Vorstand<\/span><\/p>\r\n<p><!-- \/wp:post-content --><!--EndFragment--><\/p>\r\n<p>&nbsp;<\/p>\r\n<p><!-- wp:paragraph --><\/p>\r\n<p><!-- \/wp:paragraph --><\/p>\r\n<p><!--StartFragment--><\/p>\r\n<p><!--EndFragment--><\/p>\r\n<p><!-- wp:paragraph --><\/p>\r\n<p><!-- \/wp:paragraph --><\/p>\r\n<p><!--EndFragment--><\/p>\r\n<p><!-- wp:paragraph --><\/p>\r\n<p><!-- \/wp:paragraph --><\/p>\r\n<p><!-- wp:paragraph --><\/p>\r\n<p><!-- \/wp:paragraph --><\/p>\r\n<!-- wp:image -->\r\n<figure class=\"wp-block-image\"><\/figure>\r\n<!-- \/wp:image -->","protected":false},"excerpt":{"rendered":"<p>Liebe Imkerfreundinnen, liebe Imkerfreunde, hiermit m\u00f6chten wir euchzu unseren Stammtischen f\u00fcr das Jahr 2026 herzlich einladen. Sie finden in der Gastst\u00e4tte \u201ePoschwitzer H\u00f6he\u201cin der gleichnamigen Gartenanlage in Altenburgzu folgenden Terminen jeweils 19 Uhr statt: Donnerstag, den 19.03.2026\u00a0\u00a0 Donnerstag, den 23.04.2026\u00a0 &hellip; <a href=\"https:\/\/bienenzuechterverein-altenburg1853.de\/?page_id=56\">Weiterlesen <span class=\"meta-nav\">&rarr;<\/span><\/a><\/p>\n","protected":false},"author":1,"featured_media":0,"parent":0,"menu_order":3,"comment_status":"closed","ping_status":"closed","template":"","meta":{"footnotes":""},"class_list":["post-56","page","type-page","status-publish","hentry"],"yoast_head":"<!-- This site is optimized with the Yoast SEO plugin v25.4 - https:\/\/yoast.com\/wordpress\/plugins\/seo\/ -->\n<title>Termine - Bienenz\u00fcchterverein Altenburg 1853<\/title>\n<meta name=\"robots\" content=\"index, follow, max-snippet:-1, max-image-preview:large, max-video-preview:-1\" \/>\n<link rel=\"canonical\" href=\"https:\/\/bienenzuechterverein-altenburg1853.de\/?page_id=56\" \/>\n<meta property=\"og:locale\" content=\"de_DE\" \/>\n<meta property=\"og:type\" content=\"article\" \/>\n<meta property=\"og:title\" content=\"Termine - Bienenz\u00fcchterverein Altenburg 1853\" \/>\n<meta property=\"og:description\" content=\"Liebe Imkerfreundinnen, liebe Imkerfreunde, hiermit m\u00f6chten wir euchzu unseren Stammtischen f\u00fcr das Jahr 2026 herzlich einladen. Sie finden in der Gastst\u00e4tte \u201ePoschwitzer H\u00f6he\u201cin der gleichnamigen Gartenanlage in Altenburgzu folgenden Terminen jeweils 19 Uhr statt: Donnerstag, den 19.03.2026\u00a0\u00a0 Donnerstag, den 23.04.2026\u00a0 &hellip; Weiterlesen &rarr;\" \/>\n<meta property=\"og:url\" content=\"https:\/\/bienenzuechterverein-altenburg1853.de\/?page_id=56\" \/>\n<meta property=\"og:site_name\" content=\"Bienenz\u00fcchterverein Altenburg 1853\" \/>\n<meta property=\"article:modified_time\" content=\"2026-04-27T13:11:31+00:00\" \/>\n<meta name=\"twitter:card\" content=\"summary_large_image\" \/>\n<meta name=\"twitter:label1\" content=\"Gesch\u00e4tzte Lesezeit\" \/>\n\t<meta name=\"twitter:data1\" content=\"1\u00a0Minute\" \/>\n<script type=\"application\/ld+json\" class=\"yoast-schema-graph\">{\"@context\":\"https:\/\/schema.org\",\"@graph\":[{\"@type\":\"WebPage\",\"@id\":\"https:\/\/bienenzuechterverein-altenburg1853.de\/?page_id=56\",\"url\":\"https:\/\/bienenzuechterverein-altenburg1853.de\/?page_id=56\",\"name\":\"Termine - Bienenz\u00fcchterverein Altenburg 1853\",\"isPartOf\":{\"@id\":\"https:\/\/bienenzuechterverein-altenburg1853.de\/#website\"},\"datePublished\":\"2020-02-27T15:14:55+00:00\",\"dateModified\":\"2026-04-27T13:11:31+00:00\",\"breadcrumb\":{\"@id\":\"https:\/\/bienenzuechterverein-altenburg1853.de\/?page_id=56#breadcrumb\"},\"inLanguage\":\"de\",\"potentialAction\":[{\"@type\":\"ReadAction\",\"target\":[\"https:\/\/bienenzuechterverein-altenburg1853.de\/?page_id=56\"]}]},{\"@type\":\"BreadcrumbList\",\"@id\":\"https:\/\/bienenzuechterverein-altenburg1853.de\/?page_id=56#breadcrumb\",\"itemListElement\":[{\"@type\":\"ListItem\",\"position\":1,\"name\":\"Startseite\",\"item\":\"https:\/\/bienenzuechterverein-altenburg1853.de\/\"},{\"@type\":\"ListItem\",\"position\":2,\"name\":\"Termine\"}]},{\"@type\":\"WebSite\",\"@id\":\"https:\/\/bienenzuechterverein-altenburg1853.de\/#website\",\"url\":\"https:\/\/bienenzuechterverein-altenburg1853.de\/\",\"name\":\"Bienenz\u00fcchterverein Altenburg 1853\",\"description\":\"\",\"potentialAction\":[{\"@type\":\"SearchAction\",\"target\":{\"@type\":\"EntryPoint\",\"urlTemplate\":\"https:\/\/bienenzuechterverein-altenburg1853.de\/?s={search_term_string}\"},\"query-input\":{\"@type\":\"PropertyValueSpecification\",\"valueRequired\":true,\"valueName\":\"search_term_string\"}}],\"inLanguage\":\"de\"}]}<\/script>\n<!-- \/ Yoast SEO plugin. -->","yoast_head_json":{"title":"Termine - Bienenz\u00fcchterverein Altenburg 1853","robots":{"index":"index","follow":"follow","max-snippet":"max-snippet:-1","max-image-preview":"max-image-preview:large","max-video-preview":"max-video-preview:-1"},"canonical":"https:\/\/bienenzuechterverein-altenburg1853.de\/?page_id=56","og_locale":"de_DE","og_type":"article","og_title":"Termine - Bienenz\u00fcchterverein Altenburg 1853","og_description":"Liebe Imkerfreundinnen, liebe Imkerfreunde, hiermit m\u00f6chten wir euchzu unseren Stammtischen f\u00fcr das Jahr 2026 herzlich einladen. Sie finden in der Gastst\u00e4tte \u201ePoschwitzer H\u00f6he\u201cin der gleichnamigen Gartenanlage in Altenburgzu folgenden Terminen jeweils 19 Uhr statt: Donnerstag, den 19.03.2026\u00a0\u00a0 Donnerstag, den 23.04.2026\u00a0 &hellip; Weiterlesen &rarr;","og_url":"https:\/\/bienenzuechterverein-altenburg1853.de\/?page_id=56","og_site_name":"Bienenz\u00fcchterverein Altenburg 1853","article_modified_time":"2026-04-27T13:11:31+00:00","twitter_card":"summary_large_image","twitter_misc":{"Gesch\u00e4tzte Lesezeit":"1\u00a0Minute"},"schema":{"@context":"https:\/\/schema.org","@graph":[{"@type":"WebPage","@id":"https:\/\/bienenzuechterverein-altenburg1853.de\/?page_id=56","url":"https:\/\/bienenzuechterverein-altenburg1853.de\/?page_id=56","name":"Termine - Bienenz\u00fcchterverein Altenburg 1853","isPartOf":{"@id":"https:\/\/bienenzuechterverein-altenburg1853.de\/#website"},"datePublished":"2020-02-27T15:14:55+00:00","dateModified":"2026-04-27T13:11:31+00:00","breadcrumb":{"@id":"https:\/\/bienenzuechterverein-altenburg1853.de\/?page_id=56#breadcrumb"},"inLanguage":"de","potentialAction":[{"@type":"ReadAction","target":["https:\/\/bienenzuechterverein-altenburg1853.de\/?page_id=56"]}]},{"@type":"BreadcrumbList","@id":"https:\/\/bienenzuechterverein-altenburg1853.de\/?page_id=56#breadcrumb","itemListElement":[{"@type":"ListItem","position":1,"name":"Startseite","item":"https:\/\/bienenzuechterverein-altenburg1853.de\/"},{"@type":"ListItem","position":2,"name":"Termine"}]},{"@type":"WebSite","@id":"https:\/\/bienenzuechterverein-altenburg1853.de\/#website","url":"https:\/\/bienenzuechterverein-altenburg1853.de\/","name":"Bienenz\u00fcchterverein Altenburg 1853","description":"","potentialAction":[{"@type":"SearchAction","target":{"@type":"EntryPoint","urlTemplate":"https:\/\/bienenzuechterverein-altenburg1853.de\/?s={search_term_string}"},"query-input":{"@type":"PropertyValueSpecification","valueRequired":true,"valueName":"search_term_string"}}],"inLanguage":"de"}]}},"_links":{"self":[{"href":"https:\/\/bienenzuechterverein-altenburg1853.de\/index.php?rest_route=\/wp\/v2\/pages\/56","targetHints":{"allow":["GET"]}}],"collection":[{"href":"https:\/\/bienenzuechterverein-altenburg1853.de\/index.php?rest_route=\/wp\/v2\/pages"}],"about":[{"href":"https:\/\/bienenzuechterverein-altenburg1853.de\/index.php?rest_route=\/wp\/v2\/types\/page"}],"author":[{"embeddable":true,"href":"https:\/\/bienenzuechterverein-altenburg1853.de\/index.php?rest_route=\/wp\/v2\/users\/1"}],"replies":[{"embeddable":true,"href":"https:\/\/bienenzuechterverein-altenburg1853.de\/index.php?rest_route=%2Fwp%2Fv2%2Fcomments&post=56"}],"version-history":[{"count":64,"href":"https:\/\/bienenzuechterverein-altenburg1853.de\/index.php?rest_route=\/wp\/v2\/pages\/56\/revisions"}],"predecessor-version":[{"id":920,"href":"https:\/\/bienenzuechterverein-altenburg1853.de\/index.php?rest_route=\/wp\/v2\/pages\/56\/revisions\/920"}],"wp:attachment":[{"href":"https:\/\/bienenzuechterverein-altenburg1853.de\/index.php?rest_route=%2Fwp%2Fv2%2Fmedia&parent=56"}],"curies":[{"name":"wp","href":"https:\/\/api.w.org\/{rel}","templated":true}]}}