{"id":83,"date":"2020-02-28T07:51:39","date_gmt":"2020-02-28T07:51:39","guid":{"rendered":"http:\/\/bienenzuechterverein-altenburg1853.de\/?page_id=83"},"modified":"2024-12-13T10:07:43","modified_gmt":"2024-12-13T10:07:43","slug":"home","status":"publish","type":"page","link":"https:\/\/bienenzuechterverein-altenburg1853.de\/","title":{"rendered":"Home"},"content":{"rendered":"\r\n<p><span style=\"color: #003366;\">Herzlich willkommen auf unserer Internetpr\u00e4senz.<\/span><\/p>\r\n<p><span style=\"color: #003366;\">Unser Imkerverein wurde 1853 gegr\u00fcndet und er ist damit einer der \u00e4ltesten Bienenz\u00fcchtervereine in Deutschland. Noch \u00e4ltere deutsche Bienenz\u00fcchtervereine sind sicher an einer Hand abzuz\u00e4hlen.<\/span><\/p>\r\n<p><span style=\"color: #003366;\">Der Verein ist Mitglied im <a href=\"http:\/\/www.lvthi.de\/\" target=\"_blank\" rel=\"noopener noreferrer\">Landesverband Th\u00fcringer Imker<\/a> (LVTHI).<\/span><\/p>\r\n<p><span style=\"color: #003366;\">Er ist einer von f\u00fcnf Bienenz\u00fcchtervereinen im Landkreis Altenburger Land. <\/span><br \/><span style=\"color: #003366;\">Unsere Vereinsmitglieder kommen aus dem gesamten Landkreis, vornehmlich aber aus dem Gro\u00dfraum Altenburg. Alle sind Hobbyimker und halten im Durchschnitt 6 Bienenv\u00f6lker.<\/span><\/p>\r\n<p><span style=\"color: #003366;\">Aktuell am 01.01.2025 sind wir 45 Mitglieder, davon 15 Imkerinnen und 28 Imker <br \/>sowie 2 Lehrbienenst\u00e4nde und wir bewirtschaften insgesamt ca. 203 Bienenv\u00f6lker.<\/span><\/p>\r\n<p><span style=\"color: #003366;\">Mitglied im Verein sind die folgenden beiden Lehrbienenst\u00e4nde <br \/>&#8211; Lehrbienenstand des Roman-Herzog-Gymnasium in Schm\u00f6lln.\u00a0<br \/>und<br \/>&#8211; Lehrbienenstand der Staatlichen Regelschule Dobitschen.<br \/>Beide Lehrbienenst\u00e4nde werden von je einem Vereinsmitglied fachkundig und mit gro\u00dfem pers\u00f6nlichem Einsatz betreut und erhalten die bestm\u00f6gliche Unterst\u00fctzung durch unseren Verein, vor allem f\u00fcr deren <a href=\"https:\/\/bienenzuechterverein-altenburg1853.de\/wp-content\/uploads\/2021\/10\/Stockwaage-SLN-scaled.jpg\">Ausr\u00fcstung<\/a>.<\/span><\/p>\r\n<p><span style=\"color: #003366;\">Wir sind kein eingetragener Verein, k\u00f6nnen aber \u00fcber den Landesverband Th\u00fcringer Imker Spenden entgegennehmen und eine Zuwendungsbest\u00e4tigung ausstellen.<\/span><\/p>\r\n<p><span style=\"color: #003366;\">Wir treffen uns ca. 6-mal im Jahr, jeweils donnerstags zu unseren Stammtischen im Vereinslokal \u201ePoschwitzer H\u00f6he\u201c in Altenburg. Die <a href=\"https:\/\/bienenzuechterverein-altenburg1853.de\/?page_id=56\" target=\"_blank\" rel=\"noopener noreferrer\">Termine<\/a> werden zu Beginn des Jahres festgelegt.<\/span><br \/><span style=\"color: #003366;\">Die Zusammenk\u00fcnfte dienen dem Meinungsaustausch beim geselligen Miteinander und der Weiterbildung. Dazu werden regelm\u00e4\u00dfig fachkundige Referenten eingeladen, zunehmend \u00fcbernehmen auch Vereinsmitglieder diesen Part.<\/span><\/p>\r\n<p><span style=\"color: #003366;\">Neuimker werden von unseren Vereinsmitgliedern von Anfang an fachkundig beraten und w\u00e4hrend ihrer ersten Schritte als Imker begleitet.<\/span><\/p>\r\n<p><span style=\"color: #003366;\">Einmal j\u00e4hrlich f\u00fchren wir eine Standbegehung bei einem unserer Vereinsmitglieder durch.<\/span><\/p>\r\n<p><span style=\"color: #003366;\">Bei allen unseren Aktivit\u00e4ten sind Interessenten als G\u00e4ste jederzeit willkommen.<\/span><\/p>\r\n<p><span style=\"color: #003366;\">\u00a0<\/span><\/p>\r\n","protected":false},"excerpt":{"rendered":"<p>Herzlich willkommen auf unserer Internetpr\u00e4senz. Unser Imkerverein wurde 1853 gegr\u00fcndet und er ist damit einer der \u00e4ltesten Bienenz\u00fcchtervereine in Deutschland. Noch \u00e4ltere deutsche Bienenz\u00fcchtervereine sind sicher an einer Hand abzuz\u00e4hlen. Der Verein ist Mitglied im Landesverband Th\u00fcringer Imker (LVTHI). Er &hellip; <a href=\"https:\/\/bienenzuechterverein-altenburg1853.de\/\">Weiterlesen <span class=\"meta-nav\">&rarr;<\/span><\/a><\/p>\n","protected":false},"author":1,"featured_media":0,"parent":0,"menu_order":0,"comment_status":"closed","ping_status":"closed","template":"","meta":{"footnotes":""},"class_list":["post-83","page","type-page","status-publish","hentry"],"yoast_head":"<!-- This site is optimized with the Yoast SEO plugin v25.4 - https:\/\/yoast.com\/wordpress\/plugins\/seo\/ -->\n<title>Home - Bienenz\u00fcchterverein Altenburg 1853<\/title>\n<meta name=\"robots\" content=\"index, follow, max-snippet:-1, max-image-preview:large, max-video-preview:-1\" \/>\n<link rel=\"canonical\" href=\"https:\/\/bienenzuechterverein-altenburg1853.de\/\" \/>\n<meta property=\"og:locale\" content=\"de_DE\" \/>\n<meta property=\"og:type\" content=\"article\" \/>\n<meta property=\"og:title\" content=\"Home - Bienenz\u00fcchterverein Altenburg 1853\" \/>\n<meta property=\"og:description\" content=\"Herzlich willkommen auf unserer Internetpr\u00e4senz. Unser Imkerverein wurde 1853 gegr\u00fcndet und er ist damit einer der \u00e4ltesten Bienenz\u00fcchtervereine in Deutschland. Noch \u00e4ltere deutsche Bienenz\u00fcchtervereine sind sicher an einer Hand abzuz\u00e4hlen. Der Verein ist Mitglied im Landesverband Th\u00fcringer Imker (LVTHI). Er &hellip; Weiterlesen &rarr;\" \/>\n<meta property=\"og:url\" content=\"https:\/\/bienenzuechterverein-altenburg1853.de\/\" \/>\n<meta property=\"og:site_name\" content=\"Bienenz\u00fcchterverein Altenburg 1853\" \/>\n<meta property=\"article:modified_time\" content=\"2024-12-13T10:07:43+00:00\" \/>\n<meta name=\"twitter:card\" content=\"summary_large_image\" \/>\n<meta name=\"twitter:label1\" content=\"Gesch\u00e4tzte Lesezeit\" \/>\n\t<meta name=\"twitter:data1\" content=\"2\u00a0Minuten\" \/>\n<script type=\"application\/ld+json\" class=\"yoast-schema-graph\">{\"@context\":\"https:\/\/schema.org\",\"@graph\":[{\"@type\":\"WebPage\",\"@id\":\"https:\/\/bienenzuechterverein-altenburg1853.de\/\",\"url\":\"https:\/\/bienenzuechterverein-altenburg1853.de\/\",\"name\":\"Home - Bienenz\u00fcchterverein Altenburg 1853\",\"isPartOf\":{\"@id\":\"https:\/\/bienenzuechterverein-altenburg1853.de\/#website\"},\"datePublished\":\"2020-02-28T07:51:39+00:00\",\"dateModified\":\"2024-12-13T10:07:43+00:00\",\"breadcrumb\":{\"@id\":\"https:\/\/bienenzuechterverein-altenburg1853.de\/#breadcrumb\"},\"inLanguage\":\"de\",\"potentialAction\":[{\"@type\":\"ReadAction\",\"target\":[\"https:\/\/bienenzuechterverein-altenburg1853.de\/\"]}]},{\"@type\":\"BreadcrumbList\",\"@id\":\"https:\/\/bienenzuechterverein-altenburg1853.de\/#breadcrumb\",\"itemListElement\":[{\"@type\":\"ListItem\",\"position\":1,\"name\":\"Startseite\",\"item\":\"https:\/\/bienenzuechterverein-altenburg1853.de\/\"},{\"@type\":\"ListItem\",\"position\":2,\"name\":\"Home\"}]},{\"@type\":\"WebSite\",\"@id\":\"https:\/\/bienenzuechterverein-altenburg1853.de\/#website\",\"url\":\"https:\/\/bienenzuechterverein-altenburg1853.de\/\",\"name\":\"Bienenz\u00fcchterverein Altenburg 1853\",\"description\":\"\",\"potentialAction\":[{\"@type\":\"SearchAction\",\"target\":{\"@type\":\"EntryPoint\",\"urlTemplate\":\"https:\/\/bienenzuechterverein-altenburg1853.de\/?s={search_term_string}\"},\"query-input\":{\"@type\":\"PropertyValueSpecification\",\"valueRequired\":true,\"valueName\":\"search_term_string\"}}],\"inLanguage\":\"de\"}]}<\/script>\n<!-- \/ Yoast SEO plugin. -->","yoast_head_json":{"title":"Home - Bienenz\u00fcchterverein Altenburg 1853","robots":{"index":"index","follow":"follow","max-snippet":"max-snippet:-1","max-image-preview":"max-image-preview:large","max-video-preview":"max-video-preview:-1"},"canonical":"https:\/\/bienenzuechterverein-altenburg1853.de\/","og_locale":"de_DE","og_type":"article","og_title":"Home - Bienenz\u00fcchterverein Altenburg 1853","og_description":"Herzlich willkommen auf unserer Internetpr\u00e4senz. Unser Imkerverein wurde 1853 gegr\u00fcndet und er ist damit einer der \u00e4ltesten Bienenz\u00fcchtervereine in Deutschland. Noch \u00e4ltere deutsche Bienenz\u00fcchtervereine sind sicher an einer Hand abzuz\u00e4hlen. Der Verein ist Mitglied im Landesverband Th\u00fcringer Imker (LVTHI). Er &hellip; Weiterlesen &rarr;","og_url":"https:\/\/bienenzuechterverein-altenburg1853.de\/","og_site_name":"Bienenz\u00fcchterverein Altenburg 1853","article_modified_time":"2024-12-13T10:07:43+00:00","twitter_card":"summary_large_image","twitter_misc":{"Gesch\u00e4tzte Lesezeit":"2\u00a0Minuten"},"schema":{"@context":"https:\/\/schema.org","@graph":[{"@type":"WebPage","@id":"https:\/\/bienenzuechterverein-altenburg1853.de\/","url":"https:\/\/bienenzuechterverein-altenburg1853.de\/","name":"Home - Bienenz\u00fcchterverein Altenburg 1853","isPartOf":{"@id":"https:\/\/bienenzuechterverein-altenburg1853.de\/#website"},"datePublished":"2020-02-28T07:51:39+00:00","dateModified":"2024-12-13T10:07:43+00:00","breadcrumb":{"@id":"https:\/\/bienenzuechterverein-altenburg1853.de\/#breadcrumb"},"inLanguage":"de","potentialAction":[{"@type":"ReadAction","target":["https:\/\/bienenzuechterverein-altenburg1853.de\/"]}]},{"@type":"BreadcrumbList","@id":"https:\/\/bienenzuechterverein-altenburg1853.de\/#breadcrumb","itemListElement":[{"@type":"ListItem","position":1,"name":"Startseite","item":"https:\/\/bienenzuechterverein-altenburg1853.de\/"},{"@type":"ListItem","position":2,"name":"Home"}]},{"@type":"WebSite","@id":"https:\/\/bienenzuechterverein-altenburg1853.de\/#website","url":"https:\/\/bienenzuechterverein-altenburg1853.de\/","name":"Bienenz\u00fcchterverein Altenburg 1853","description":"","potentialAction":[{"@type":"SearchAction","target":{"@type":"EntryPoint","urlTemplate":"https:\/\/bienenzuechterverein-altenburg1853.de\/?s={search_term_string}"},"query-input":{"@type":"PropertyValueSpecification","valueRequired":true,"valueName":"search_term_string"}}],"inLanguage":"de"}]}},"_links":{"self":[{"href":"https:\/\/bienenzuechterverein-altenburg1853.de\/index.php?rest_route=\/wp\/v2\/pages\/83","targetHints":{"allow":["GET"]}}],"collection":[{"href":"https:\/\/bienenzuechterverein-altenburg1853.de\/index.php?rest_route=\/wp\/v2\/pages"}],"about":[{"href":"https:\/\/bienenzuechterverein-altenburg1853.de\/index.php?rest_route=\/wp\/v2\/types\/page"}],"author":[{"embeddable":true,"href":"https:\/\/bienenzuechterverein-altenburg1853.de\/index.php?rest_route=\/wp\/v2\/users\/1"}],"replies":[{"embeddable":true,"href":"https:\/\/bienenzuechterverein-altenburg1853.de\/index.php?rest_route=%2Fwp%2Fv2%2Fcomments&post=83"}],"version-history":[{"count":29,"href":"https:\/\/bienenzuechterverein-altenburg1853.de\/index.php?rest_route=\/wp\/v2\/pages\/83\/revisions"}],"predecessor-version":[{"id":868,"href":"https:\/\/bienenzuechterverein-altenburg1853.de\/index.php?rest_route=\/wp\/v2\/pages\/83\/revisions\/868"}],"wp:attachment":[{"href":"https:\/\/bienenzuechterverein-altenburg1853.de\/index.php?rest_route=%2Fwp%2Fv2%2Fmedia&parent=83"}],"curies":[{"name":"wp","href":"https:\/\/api.w.org\/{rel}","templated":true}]}}